{"id":17,"date":"2018-05-11T12:49:56","date_gmt":"2018-05-11T12:49:56","guid":{"rendered":"http:\/\/feuerwehr-dollern.de\/?page_id=17"},"modified":"2018-05-11T13:05:03","modified_gmt":"2018-05-11T13:05:03","slug":"foerderverein","status":"publish","type":"page","link":"https:\/\/feuerwehr-dollern.de\/?page_id=17","title":{"rendered":"F\u00f6rderverein"},"content":{"rendered":"<p><span style=\"font-family: Arial\\ Baltic, sans-serif;\">Der F\u00f6rderverein der Freiwilligen Feuerwehr Dollern e.V. wurde f\u00fcr alle die gegr\u00fcndet, die die Arbeit der Feuerwehr in Dollern finanziell unterst\u00fctzen und somit ihren Dank und die Verbundenheit der Dollerner Feuerwehr gegen\u00fcber ausdr\u00fccken wollen.<\/span><\/p>\n<p><span style=\"font-family: Arial\\ Baltic, sans-serif;\">In Zeiten stetig steigender Herausforderungen und Gefahren im Rahmen der Eins\u00e4tze ist eine solide und verl\u00e4ssliche Ausr\u00fcstung unabdingbar f\u00fcr den erfolgreichen und sicheren Einsatz der Feuerwehr. Nat\u00fcrlich kostet so etwas auch viel Geld und die kommunalen Tr\u00e4ger sind h\u00e4ufig mit der Bereitstellung der ben\u00f6tigten finanziellen Mitteln \u00fcberfordert.<\/span><\/p>\n<p><span style=\"font-family: Arial\\ Baltic, sans-serif;\">Da jedoch weder Feuer noch schwere Verkehrsunf\u00e4lle R\u00fccksicht auf die Finanzsituation einer Samtgemeinde nehmen, ist es wichtig, dass durch private Hilfen der sichere und effektive Einsatz Ihrer Feuerwehr gew\u00e4hrleistet ist.<\/span><\/p>\n<p><span style=\"font-family: Arial\\ Baltic, sans-serif;\">Deshalb sind wir auf Ihre Mithilfe angewiesen und haben den F\u00f6rderverein gegr\u00fcndet, um Ihnen auch die Gelegenheit zu geben, Ihre Solidarit\u00e4t mit Ihrer Feuerwehr und der Arbeit dieser Feuerwehr zum Ausdruck zu bringen.<\/span><\/p>\n<p><span style=\"font-family: Arial\\ Baltic, sans-serif;\">Anzumerken sei hier \u00fcbrigens, dass der F\u00f6rderverein vom Finanzamt anerkannt und damit berechtigt ist, Spendenbescheinigungen auszuf\u00fcllen.<\/span><\/p>\n<p><span style=\"font-family: Arial\\ Baltic, sans-serif;\">Wir w\u00fcrden uns sehr freuen auch Sie bald im Kreise unserer F\u00f6rderer und G\u00f6nner zu wissen.<\/span><\/p>\n<p><span style=\"font-family: Arial\\ Baltic, sans-serif;\">Ein Antragsformular f\u00fcr den Beitritt zum F\u00f6rderverein steht \u00fcbrigens unten zum Download f\u00fcr Sie bereit. F\u00fcr weitere R\u00fcckfragen sprechen Sie uns bitte gerne an. <\/span><\/p>\n<p><span style=\"font-family: Arial\\ Baltic, sans-serif;\"><a href=\"http:\/\/feuerwehr-dollern.de\/wp-content\/uploads\/2018\/05\/Sepalastschriftmandat.pdf\">Mitgliederantrag<\/a><br \/>\n<\/span><\/p>\n","protected":false},"excerpt":{"rendered":"<p>Der F\u00f6rderverein der Freiwilligen Feuerwehr Dollern e.V. wurde f\u00fcr alle die gegr\u00fcndet, die die Arbeit der Feuerwehr in Dollern finanziell<\/p>\n","protected":false},"author":1,"featured_media":0,"parent":0,"menu_order":0,"comment_status":"closed","ping_status":"closed","template":"","meta":{"footnotes":""},"class_list":["post-17","page","type-page","status-publish","hentry"],"_links":{"self":[{"href":"https:\/\/feuerwehr-dollern.de\/index.php?rest_route=\/wp\/v2\/pages\/17","targetHints":{"allow":["GET"]}}],"collection":[{"href":"https:\/\/feuerwehr-dollern.de\/index.php?rest_route=\/wp\/v2\/pages"}],"about":[{"href":"https:\/\/feuerwehr-dollern.de\/index.php?rest_route=\/wp\/v2\/types\/page"}],"author":[{"embeddable":true,"href":"https:\/\/feuerwehr-dollern.de\/index.php?rest_route=\/wp\/v2\/users\/1"}],"replies":[{"embeddable":true,"href":"https:\/\/feuerwehr-dollern.de\/index.php?rest_route=%2Fwp%2Fv2%2Fcomments&post=17"}],"version-history":[{"count":2,"href":"https:\/\/feuerwehr-dollern.de\/index.php?rest_route=\/wp\/v2\/pages\/17\/revisions"}],"predecessor-version":[{"id":46,"href":"https:\/\/feuerwehr-dollern.de\/index.php?rest_route=\/wp\/v2\/pages\/17\/revisions\/46"}],"wp:attachment":[{"href":"https:\/\/feuerwehr-dollern.de\/index.php?rest_route=%2Fwp%2Fv2%2Fmedia&parent=17"}],"curies":[{"name":"wp","href":"https:\/\/api.w.org\/{rel}","templated":true}]}}